{"id":2885,"date":"2015-05-17T19:05:11","date_gmt":"2015-05-17T17:05:11","guid":{"rendered":"http:\/\/www.pasjazycia.com\/?page_id=2885"},"modified":"2021-07-08T11:29:33","modified_gmt":"2021-07-08T11:29:33","slug":"konkurs-fotograficzny-regulamin-nadzieja","status":"publish","type":"page","link":"http:\/\/qzdshwe.cluster028.hosting.ovh.net\/index.php\/konkurs-fotograficzny-regulamin-nadzieja\/","title":{"rendered":"Regulamin &#8222;Nadzieja&#8221;"},"content":{"rendered":"<p>[vc_row][vc_column width=&#8221;2\/3&#8243;][vc_column_text]<span style=\"color: #808080;\">Temat: <strong><span style=\"color: #000000;\">NADZIEJA<br \/>\n<\/span><\/strong><\/span><\/p>\n<p><span style=\"color: #808080;\">Organizatorzy: <span style=\"color: #000000;\">Fundacja KOLOROWO\u00a0 z \u0141odzi<\/span> oraz <span style=\"color: #000000;\">Towarzystwo Przyjaci\u00f3\u0142 \u015bp. ks. Jaros\u0142awa Burskiego<\/span>,<\/span><\/p>\n<p><span style=\"color: #808080;\">Portal internetowy do prezentacji prac i projektu: <span style=\"color: #000000;\">www.pasjazycia.com<\/span><\/span><\/p>\n<p><strong><span style=\"color: #000000;\">Cele konkursu:<\/span><\/strong><br \/>\n<span style=\"color: #888888;\">&#8211; promocja kultury wsp\u00f3\u0142czesnej,<\/span><br \/>\n<span style=\"color: #888888;\">&#8211; pobudzanie kreatywno\u015bci,<br \/>\n&#8211; rozwijanie pasji i uzdolnie\u0144.<\/span><\/p>\n<p><span style=\"color: #000000;\"><strong>Regulamin konkursu:<\/strong><\/span><br \/>\n<span style=\"color: #808080;\"> Termin nadsy\u0142ania prac: <span style=\"color: #000000;\"><strong>11 lipca 2021 r. &#8211; 5 listopada 2021 r. <\/strong><\/span><\/span><br \/>\n<span style=\"color: #808080;\">Prace nale\u017cy przesy\u0142a\u0107 na adres mailowy: <strong><span style=\"color: #000000;\">konkurs@pasjazycia.com<\/span><\/strong><\/span>[\/vc_column_text][\/vc_column][vc_column width=&#8221;1\/3&#8243;][vc_single_image image=&#8221;6723&#8243; img_size=&#8221;medium&#8221; alignment=&#8221;center&#8221;][\/vc_column][\/vc_row][vc_row][vc_column][vc_column_text]<span style=\"color: #000000;\"><strong>Zasady udzia\u0142u w konkursie:<\/strong><\/span><\/p>\n<p><span style=\"color: #808080;\">Konkurs przeznaczony jest dla dzieci i m\u0142odzie\u017cy w wieku od 15 do 20 roku \u017cycia z terenu ca\u0142ej Polski. <\/span><br \/>\n<span style=\"color: #808080;\">Ka\u017cdy uczestnik mo\u017ce zg\u0142osi\u0107 do konkursu maksymalnie 3 zdj\u0119cia. <\/span><br \/>\n<span style=\"color: #808080;\">Ka\u017cde zdj\u0119cie nale\u017cy przes\u0142a\u0107 w dw\u00f3ch wielko\u015bciach: 1020 pix d\u0142u\u017cszy bok (pogl\u0105dowa) oraz w pe\u0142nej rozdzielczo\u015bci (do druku). <\/span><br \/>\n<span style=\"color: #808080;\">Zdj\u0119cia z dodatkowymi elementami jak ramka, datownik itp. nie b\u0119d\u0105 dopuszczone do konkursu. <\/span><br \/>\n<span style=\"color: #808080;\">Przesy\u0142ane pliki w formacie JPG nale\u017cy oznaczy\u0107 kolejnymi numerami odpowiadaj\u0105cymi numerom opisu zdj\u0119cia w o\u015bwiadczeniu (za\u0142\u0105cznik numer 1). <span style=\"color: #000000;\">Warunkiem koniecznym wzi\u0119cia udzia\u0142u w konkursie jest <strong>przes\u0142anie zg\u0142oszenia drog\u0105 elektroniczn\u0105<\/strong> lub tradycyjn\u0105 na adres fundacji:<\/span><\/span><\/p>\n<p><strong><span style=\"color: #000000;\">Fundacja KOLOROWO<\/span><\/strong><br \/>\n<span style=\"color: #808080;\">90-606 \u0141\u00f3d\u017a, ul. 6 Sierpnia 5\/3<\/span><br \/>\n<span style=\"color: #808080;\">z dopiskiem: <span style=\"color: #000000;\"><strong>Konkurs fotograficzny \u201eNadzieja\u201d<\/strong><\/span>. <\/span><\/p>\n<p>Zg\u0142oszenie (wersja do druku)<\/p>\n<p><span style=\"color: #808080;\">Wyboru zwyci\u0119skich prac dokona Jury.\u00a0<\/span><\/p>\n<p><span style=\"color: #888888;\">Nagrody zostan\u0105 przyznane w dw\u00f3ch kategoriach wiekowych:<\/span><br \/>\n<span style=\"color: #000000;\">Kategoria I- uczniowie w wieku od 15 do 17 roku \u017cycia,<br \/>\nKategoria II- uczniowie w wieku od 18 do 20 roku \u017cycia.<\/span><\/p>\n<p><span style=\"color: #808080;\">Decyzja Jury jest niepodwa\u017calna. Nazwiska autor\u00f3w fina\u0142owych prac opublikowane zostan\u0105 na stronie internetowej.<\/span><br \/>\n<span style=\"color: #808080;\"> Dla os\u00f3b wyr\u00f3\u017cnionych w konkursie przewidziane s\u0105 cenne nagrody rzeczowe. Planowany jest wernisa\u017c prac wyr\u00f3\u017cnionych w konkursie (przewidywany termin &#8211; listopad 2021, w \u0141odzi (o miejscu wernisa\u017cu uczestnicy zostan\u0105 powiadomieni drog\u0105 mailow\u0105)).<br \/>\n<\/span><\/p>\n<p><span style=\"color: #808080;\">Wszystkie prace publikowane b\u0119d\u0105 na stronie internetowej: <strong><span style=\"color: #000000;\">www.pasjazycia.com<\/span><\/strong><br \/>\n<\/span><\/p>\n<p><span style=\"color: #808080;\"><em>Idea konkursu zrodzi\u0142a si\u0119 z ch\u0119ci propagowania pasji fotografowania przez <strong>\u015bp. ks. Jaros\u0142awa Burskiego<\/strong> i jej szerzenia w\u015br\u00f3d m\u0142odzie\u017cy<\/em>.<\/span><\/p>\n<p><span style=\"color: #808080;\">Serdecznie zapraszamy do wzi\u0119cia udzia\u0142u w naszym konkursie.<\/span><br \/>\n<span style=\"color: #808080;\"> Prace prosz\u0119 przesy\u0142a\u0107 do 5 listopada 2021 roku na adres mailowy: <span style=\"color: #000000;\"><strong>konkurs@pasjazycia.com<\/strong><\/span><\/span><\/p>\n<p>Wersja regulaminu do druku:<\/p>\n<p><span style=\"color: #000000;\">Fundacja KOLOROWO:<\/span><br \/>\n<span style=\"color: #808080;\"> <a href=\"http:\/\/www.kolorowo.org\" target=\"_blank\" rel=\"noopener\">www.kolorowo.org<\/a>, e-mail: <a href=\"mailto:info@kolorowo.org\">info@kolorowo.org<\/a><\/span><br \/>\n<span style=\"color: #808080;\"> 92-207 \u0141\u00f3d\u017a, ul. Szpitalna 9\/11<\/span><br \/>\n<span style=\"color: #000000;\"> Towarzystwo Przyjaci\u00f3\u0142 \u015bp. ks. Jaros\u0142awa Burskiego:<\/span><br \/>\n<span style=\"color: #808080;\"> <a title=\"ks. Jaros\u0142aw Burski\" href=\"http:\/\/www.ksjarekburski.pl\/jarek_burski.php\" target=\"_blank\" rel=\"noopener\">www.ksjarekburski.pl<\/a>, <a href=\"mailto:info@ksjarekburski.pl\">e-mail: info@ksjarekburski.pl<\/a><\/span><br \/>\n<span style=\"color: #808080;\"><span style=\"color: #000000;\"> Strona Projektu:<\/span> www.pasjazycia.com, e-mail: konkurs@pasjazycia.com<\/span><br \/>\n<span style=\"color: #808080;\"> Koordynator projektu: <span style=\"color: #000000;\">Agnieszka Wojtas, tel.: 505 925 927<\/span><\/span>[\/vc_column_text][\/vc_column][\/vc_row]<\/p>\n","protected":false},"excerpt":{"rendered":"<p>[vc_row][vc_column width=&#8221;2\/3&#8243;][vc_column_text]Temat: NADZIEJA Organizatorzy: Fundacja KOLOROWO\u00a0 z \u0141odzi oraz Towarzystwo Przyjaci\u00f3\u0142 \u015bp. ks. Jaros\u0142awa Burskiego, Portal internetowy do prezentacji prac i projektu: www.pasjazycia.com Cele konkursu: &#8211; promocja kultury wsp\u00f3\u0142czesnej, &#8211; pobudzanie kreatywno\u015bci, &#8211; rozwijanie pasji i uzdolnie\u0144. Regulamin konkursu: Termin nadsy\u0142ania prac: 11 lipca 2021 r. &#8211; 5 listopada 2021 r. Prace nale\u017cy przesy\u0142a\u0107 na [&#8230;]<\/p>\n","protected":false},"author":2,"featured_media":0,"parent":0,"menu_order":0,"comment_status":"closed","ping_status":"closed","template":"","meta":{"footnotes":""},"class_list":["post-2885","page","type-page","status-publish","hentry"],"_links":{"self":[{"href":"http:\/\/qzdshwe.cluster028.hosting.ovh.net\/index.php\/wp-json\/wp\/v2\/pages\/2885"}],"collection":[{"href":"http:\/\/qzdshwe.cluster028.hosting.ovh.net\/index.php\/wp-json\/wp\/v2\/pages"}],"about":[{"href":"http:\/\/qzdshwe.cluster028.hosting.ovh.net\/index.php\/wp-json\/wp\/v2\/types\/page"}],"author":[{"embeddable":true,"href":"http:\/\/qzdshwe.cluster028.hosting.ovh.net\/index.php\/wp-json\/wp\/v2\/users\/2"}],"replies":[{"embeddable":true,"href":"http:\/\/qzdshwe.cluster028.hosting.ovh.net\/index.php\/wp-json\/wp\/v2\/comments?post=2885"}],"version-history":[{"count":9,"href":"http:\/\/qzdshwe.cluster028.hosting.ovh.net\/index.php\/wp-json\/wp\/v2\/pages\/2885\/revisions"}],"predecessor-version":[{"id":6724,"href":"http:\/\/qzdshwe.cluster028.hosting.ovh.net\/index.php\/wp-json\/wp\/v2\/pages\/2885\/revisions\/6724"}],"wp:attachment":[{"href":"http:\/\/qzdshwe.cluster028.hosting.ovh.net\/index.php\/wp-json\/wp\/v2\/media?parent=2885"}],"curies":[{"name":"wp","href":"https:\/\/api.w.org\/{rel}","templated":true}]}}