{"id":391,"date":"2016-01-09T15:23:14","date_gmt":"2016-01-09T14:23:14","guid":{"rendered":"http:\/\/localhost\/bwp41\/?page_id=391"},"modified":"2021-07-07T04:21:48","modified_gmt":"2021-07-07T04:21:48","slug":"kontakt","status":"publish","type":"page","link":"http:\/\/qzdshwe.cluster028.hosting.ovh.net\/index.php\/kontakt\/","title":{"rendered":"Kontakt"},"content":{"rendered":"<p>[vc_row][vc_column][vc_gmaps link=&#8221;#E-8_JTNDaWZyYW1lJTIwc3JjJTNEJTIyaHR0cHMlM0ElMkYlMkZ3d3cuZ29vZ2xlLmNvbSUyRm1hcHMlMkZlbWJlZCUzRnBiJTNEJTIxMW0xOCUyMTFtMTIlMjExbTMlMjExZDI0NjkuMDUwNDQ0NTEyMzI4MyUyMTJkMTkuNDUyMDk1MjE1NjY3MzI3JTIxM2Q1MS43Njg2ODQ5Nzk2Nzg4NSUyMTJtMyUyMTFmMCUyMTJmMCUyMTNmMCUyMTNtMiUyMTFpMTAyNCUyMTJpNzY4JTIxNGYxMy4xJTIxM20zJTIxMW0yJTIxMXMweDQ3MWJjYWQ0NTFjNWNmZGIlMjUzQTB4MjZiMjRlN2VhMmViNzE0OSUyMTJ6TmlCVGFXVnljRzVwWVNBMUxDQTVNQzB3TURFZ3hZSERzMlRGdWclMjE1ZTAlMjEzbTIlMjExc3BsJTIxMnNwbCUyMTR2MTUzNjQxMzMyOTQxNyUyMiUyMHdpZHRoJTNEJTIyNjAwJTIyJTIwaGVpZ2h0JTNEJTIyNDUwJTIyJTIwZnJhbWVib3JkZXIlM0QlMjIwJTIyJTIwc3R5bGUlM0QlMjJib3JkZXIlM0EwJTIyJTIwYWxsb3dmdWxsc2NyZWVuJTNFJTNDJTJGaWZyYW1lJTNF&#8221; size=&#8221;380&#8243; layout=&#8221;fullwidth&#8221;][\/vc_column][\/vc_row][vc_row leftrightpadding=&#8221;full&#8221;][vc_column width=&#8221;5\/12&#8243;]<h4 class=\"underlined\">Kontakt<\/h4><ul class=\"iconned-list\"><li><i class=\"fa fa-map-marker\"><\/i><strong>Adres:<\/strong> 90-606 \u0141\u00f3d\u017a, ul. 6-Sierpnia 5\/ 3<\/li><li><i class=\"fa fa-phone\"><\/i><strong>telefon: <\/strong>505 925 927<strong><br \/>\n<\/strong><\/li><li><i class=\"fa fa-at\"><\/i><strong>e-mail:<\/strong> info@kolorowo.org<\/li><li><i class=\"fa fa-clock-o\"><\/i><strong>Godziny pracy:<\/strong><br \/>\nZawsze znajdziemy dla Ciebie czas<\/li><\/ul>[\/vc_column][vc_column width=&#8221;7\/12&#8243;][vc_single_image image=&#8221;6635&#8243; img_size=&#8221;medium&#8221;][vc_column_text]Koordynator konkursu:<\/p>\n<p><strong>Agnieszka Wojtas<\/strong>, tel.: 505 925 927<\/p>\n<p>Wsp\u00f3\u0142praca:<\/p>\n<p><strong>Zdzis\u0142aw Bolanowski<\/strong>, tel.: 606 353 570[\/vc_column_text][\/vc_column][\/vc_row][vc_row][vc_column][vc_btn title=&#8221;Polityka prywatno\u015bci&#8221; style=&#8221;classic&#8221; shape=&#8221;square&#8221; color=&#8221;default&#8221; size=&#8221;sm&#8221; align=&#8221;center&#8221; link=&#8221;url:%20http%3A%2F%2Fwww.kolorowo.org%2Fpolityka-prywatnosci%2F||target:%20_blank|&#8221;][\/vc_column][\/vc_row][vc_row][vc_column]<hr>[\/vc_column][\/vc_row]<\/p>\n","protected":false},"excerpt":{"rendered":"<p>[vc_row][vc_column][vc_gmaps link=&#8221;#E-8_JTNDaWZyYW1lJTIwc3JjJTNEJTIyaHR0cHMlM0ElMkYlMkZ3d3cuZ29vZ2xlLmNvbSUyRm1hcHMlMkZlbWJlZCUzRnBiJTNEJTIxMW0xOCUyMTFtMTIlMjExbTMlMjExZDI0NjkuMDUwNDQ0NTEyMzI4MyUyMTJkMTkuNDUyMDk1MjE1NjY3MzI3JTIxM2Q1MS43Njg2ODQ5Nzk2Nzg4NSUyMTJtMyUyMTFmMCUyMTJmMCUyMTNmMCUyMTNtMiUyMTFpMTAyNCUyMTJpNzY4JTIxNGYxMy4xJTIxM20zJTIxMW0yJTIxMXMweDQ3MWJjYWQ0NTFjNWNmZGIlMjUzQTB4MjZiMjRlN2VhMmViNzE0OSUyMTJ6TmlCVGFXVnljRzVwWVNBMUxDQTVNQzB3TURFZ3hZSERzMlRGdWclMjE1ZTAlMjEzbTIlMjExc3BsJTIxMnNwbCUyMTR2MTUzNjQxMzMyOTQxNyUyMiUyMHdpZHRoJTNEJTIyNjAwJTIyJTIwaGVpZ2h0JTNEJTIyNDUwJTIyJTIwZnJhbWVib3JkZXIlM0QlMjIwJTIyJTIwc3R5bGUlM0QlMjJib3JkZXIlM0EwJTIyJTIwYWxsb3dmdWxsc2NyZWVuJTNFJTNDJTJGaWZyYW1lJTNF&#8221; size=&#8221;380&#8243; layout=&#8221;fullwidth&#8221;][\/vc_column][\/vc_row][vc_row leftrightpadding=&#8221;full&#8221;][vc_column width=&#8221;5\/12&#8243;][\/vc_column][vc_column width=&#8221;7\/12&#8243;][vc_single_image image=&#8221;6635&#8243; img_size=&#8221;medium&#8221;][vc_column_text]Koordynator konkursu: Agnieszka Wojtas, tel.: 505 925 927 Wsp\u00f3\u0142praca: Zdzis\u0142aw Bolanowski, tel.: 606 353 570[\/vc_column_text][\/vc_column][\/vc_row][vc_row][vc_column][vc_btn title=&#8221;Polityka prywatno\u015bci&#8221; style=&#8221;classic&#8221; shape=&#8221;square&#8221; color=&#8221;default&#8221; size=&#8221;sm&#8221; align=&#8221;center&#8221; link=&#8221;url:%20http%3A%2F%2Fwww.kolorowo.org%2Fpolityka-prywatnosci%2F||target:%20_blank|&#8221;][\/vc_column][\/vc_row][vc_row][vc_column][\/vc_column][\/vc_row]<\/p>\n","protected":false},"author":1,"featured_media":0,"parent":0,"menu_order":0,"comment_status":"closed","ping_status":"closed","template":"","meta":{"footnotes":""},"class_list":["post-391","page","type-page","status-publish","hentry"],"_links":{"self":[{"href":"http:\/\/qzdshwe.cluster028.hosting.ovh.net\/index.php\/wp-json\/wp\/v2\/pages\/391"}],"collection":[{"href":"http:\/\/qzdshwe.cluster028.hosting.ovh.net\/index.php\/wp-json\/wp\/v2\/pages"}],"about":[{"href":"http:\/\/qzdshwe.cluster028.hosting.ovh.net\/index.php\/wp-json\/wp\/v2\/types\/page"}],"author":[{"embeddable":true,"href":"http:\/\/qzdshwe.cluster028.hosting.ovh.net\/index.php\/wp-json\/wp\/v2\/users\/1"}],"replies":[{"embeddable":true,"href":"http:\/\/qzdshwe.cluster028.hosting.ovh.net\/index.php\/wp-json\/wp\/v2\/comments?post=391"}],"version-history":[{"count":5,"href":"http:\/\/qzdshwe.cluster028.hosting.ovh.net\/index.php\/wp-json\/wp\/v2\/pages\/391\/revisions"}],"predecessor-version":[{"id":6680,"href":"http:\/\/qzdshwe.cluster028.hosting.ovh.net\/index.php\/wp-json\/wp\/v2\/pages\/391\/revisions\/6680"}],"wp:attachment":[{"href":"http:\/\/qzdshwe.cluster028.hosting.ovh.net\/index.php\/wp-json\/wp\/v2\/media?parent=391"}],"curies":[{"name":"wp","href":"https:\/\/api.w.org\/{rel}","templated":true}]}}