{"id":4284,"date":"2018-12-10T12:04:34","date_gmt":"2018-12-10T12:04:34","guid":{"rendered":"http:\/\/www.kolorowo.org\/?page_id=4284"},"modified":"2021-07-05T16:01:24","modified_gmt":"2021-07-05T16:01:24","slug":"dekalog-polski-10-waznych-slow","status":"publish","type":"page","link":"http:\/\/qzdshwe.cluster028.hosting.ovh.net\/index.php\/dekalog-polski-10-waznych-slow\/","title":{"rendered":"DEKALOG POLSKI &#8211;  10 wa\u017cnych s\u0142\u00f3w"},"content":{"rendered":"<p>[vc_row][vc_column][vc_single_image image=&#8221;4285&#8243; img_size=&#8221;full&#8221;][\/vc_column][\/vc_row][vc_row][vc_column][vc_column_text]<\/p>\n<div class=\"blog-content col-md-10 col-md-offset-1\">\nFundacja Kolorowo, Obywatelski Ruch Demokratyczny oraz \u0141\u00f3dzki Klub Tygodnika Powszechnego serdecznie zapraszaj\u0105 do udzia\u0142u w inauguracji projektu:<\/p>\n<h3 style=\"text-align: center;\">\u201e10 wa\u017cnych s\u0142\u00f3w\u201d \u2013 Dekalog Polski<\/h3>\n<p style=\"text-align: left;\">Projekt jest kontynuacj\u0105 i rozwini\u0119ciem przedsi\u0119wzi\u0119cia adresowanego do \u0142\u00f3dzkiej m\u0142odzie\u017cy i pedagog\u00f3w, kt\u00f3rego celem i za\u0142o\u017ceniem jest proeuropejska edukacja obywatelska, skupiaj\u0105ca si\u0119 na newralgicznych \u2013 a nieobecnych w szkolnych programach edukacyjnych poj\u0119ciach istotnych z punktu polskiej racji stanu. W naszej ocenie w\u0142a\u015bnie ten brak leg\u0142 u podstaw nie tylko przegranej proobywatelskich organizacji politycznych w wyborach prezydenckich i parlamentarnych w roku 2015, ale wyzwoli\u0142 w polskiej przestrzeni publicznej ca\u0142y szereg najczarniejszych si\u0142 i pogl\u0105d\u00f3w, doprowadzi\u0142 do wzmocnienia ruch\u00f3w nacjonalistycznych i neofaszystowskich, wreszcie \u2013 do dzia\u0142a\u0144 prowadz\u0105cych do jawnego b\u0105d\u017a ukrytego \u201epolexitu\u201d.<\/p>\n<p>Pierwszym dzia\u0142aniem, kt\u00f3re realizowali\u015bmy w kwietniu 2018 r. pod has\u0142em \u201eInny?\u201d by\u0142y warsztaty po\u015bwi\u0119cone tolerancji, poszanowaniu r\u00f3\u017cnorodno\u015bci, nowoczesnemu patriotyzmowi i przeciwdzia\u0142aniu dyskryminacji, przygotowuj\u0105ce do g\u0142\u00f3wnego wydarzenia, jakim by\u0142a po warsztatach debata prowadzona przez ks. Krzysztofa Nieda\u0142towskiego z udzia\u0142em Prezes Polskiej Akcji Humanitarnej \u2013 pani Janiny Ochojskiej, Naczelnego Rabina Polski \u2013 pana Michaela Schudricha i metropolity \u0142\u00f3dzkiego \u2013 arcybiskupa Grzegorza Rysia.<br \/>\nTeraz zaczynamy rozpisany na trzy lata cykl pod wsp\u00f3lnym tytu\u0142em \u201e10 wa\u017cnych s\u0142\u00f3w\u201d, do inauguracji kt\u00f3rego to cyklu mamy przyjemno\u015b\u0107 zaprosi\u0107.<br \/>\nKilka szczeg\u00f3\u0142\u00f3w:<br \/>\nCo: <strong>Projekt \u201e10 wa\u017cnych s\u0142\u00f3w\u201d \u2013 Dekalog Polski<\/strong><br \/>\nKiedy: <strong>22 listopada 2018 r<\/strong>.<br \/>\nGodzina: <strong>10.00-14.00<\/strong><br \/>\nGdzie: <strong>Centrum Promocji Mody ASP, ul. Wojska Polskiego 121, \u0141\u00f3d\u017a<\/strong><br \/>\nProjekt <strong>DEKALOG POLSKI \u2013 \u201e10 wa\u017cnych s\u0142\u00f3w\u201d<\/strong> polega na cyklicznej organizacji w ci\u0105gu trzech lat konkurs\u00f3w artystycznych dla m\u0142odzie\u017cy i przeprowadzeniu debat po\u0142\u0105czonych z warsztatami\/ panelami dyskusyjnymi z udzia\u0142em m\u0142odzie\u017cy z terenu miasta \u0141odzi oraz os\u00f3b obdarzonych autorytetem spo\u0142ecznym, szczeg\u00f3lnie ze \u015bwiata kultury. Projekt oparty jest o utwory zawarte na p\u0142ycie <strong>Marka Grechuty<\/strong> pod tytu\u0142em \u201e<strong>10 wa\u017cnych s\u0142\u00f3w<\/strong>\u201d wydanej w 1994 r. (<em>1.Ojczyzna, 2. Wolno\u015b\u0107, 3. W\u0142adza, 4. Prawo, 5. Praca, 6.Wiedza, 7. Solidarno\u015b\u0107, 8. Natura, 9. Sztuka, 10. Mi\u0142o\u015b\u0107<\/em>). Celem projektu jest edukacja spo\u0142eczna i obywatelska m\u0142odzie\u017cy i jej wychowawc\u00f3w poprzez doprowadzenie do autorefleksji i wypracowanie \u015bwiadomo\u015bci, \u017ce wsp\u00f3\u0142czesna Polska mo\u017ce bezpiecznie istnie\u0107 tylko i wy\u0142\u0105cznie w zjednoczeniu z Europ\u0105, a warto\u015bci humanistyczne i proeuropejskie s\u0105 wbrew lansowanym obecnie pogl\u0105dom jedyn\u0105 w\u0142a\u015bciw\u0105 propozycj\u0105 dla Polek i Polak\u00f3w. W roku 100 rocznicy odzyskania przez Polsk\u0119 Niepodleg\u0142o\u015bci cykl dialog\u00f3w m\u0142odzie\u017cy i wsp\u00f3lne poszukiwanie odpowiedzi na pytanie \u201eKim jestem? Polakiem, czyli co jest dla mnie wa\u017cne\u2026\u201d rozpoczynamy w oparciu o trzy tematy: <strong>Ojczyzna \u2013 Wolno\u015b\u0107 \u2013 W\u0142adza<\/strong><br \/>\nPo warsztatach przygotowuj\u0105cych m\u0142odzie\u017c, o kt\u00f3rych poni\u017cej, g\u0142\u00f3wnym wydarzeniem b\u0119dzie rozmowa z Panem <strong>Olgierdem \u0141ukaszewiczem<\/strong>, nie tylko wybitnym przedstawicielem \u015bwiata kultury odznaczonym Krzy\u017cami Orderu Odrodzenia Polski, ale \u2013 inicjatorem i fundatorem Fundacji \u201e<strong>My Obywatele Unii Europejskiej<\/strong>\u201e.<br \/>\nTematem rozmowy-debaty b\u0119dzie wyja\u015bnienie \u2013 szczeg\u00f3lnie m\u0142odym \u2013 w\u0105tpliwo\u015bci wok\u00f3\u0142 tematu<\/p>\n<h3 style=\"text-align: center;\">\u201ePolsko\u015b\u0107 czy\/czyli Europejsko\u015b\u0107\u201d<\/h3>\n<p>Program:<br \/>\n9.30-10.00 \u2013 rejestracja uczestnik\u00f3w i powitanie<br \/>\n10.00-11.00 \u2013 warsztaty i dyskusje w grupach.<br \/>\nTematy:<br \/>\n1. \u201e<em>Ojczyzna \u2013 mit czy rzeczywisto\u015b\u0107?<\/em>\u201d Prowadzenie: <strong>prof. Mariusz Grzegorzek<\/strong>, rektor PWSFTviT;<br \/>\n2. \u201e<em>Wolno\u015b\u0107 \u2013 prawo czy obowi\u0105zek?<\/em>\u201d Prowadzenie: <strong>red. Dominika Wielowieyska<\/strong>;<br \/>\n3. \u201e<em>W\u0142adza \u2013 rz\u0105dzi\u0107 czy panowa\u0107?<\/em>\u201d Prowadzenie: <strong>Piotr K\u0142ys<\/strong>, przewodnicz\u0105cy Obywatelskiego Ruchu Demokratycznego;<br \/>\n11.00-11.30 \u2013 Og\u0142oszenie laureat\u00f3w Konkursu Fotograficznego 2018<br \/>\n11.30-13.30 \u2013 Debata g\u0142\u00f3wna pt. \u201e<em>Polsko\u015b\u0107 czy\/czyli Europejsko\u015b\u0107<\/em>\u201d z udzia\u0142em <strong>Olgierda \u0141ukaszewicza<\/strong> oraz <strong>obecnych go\u015bci<\/strong>.<br \/>\n13.30-14.00 \u2013 podsumowanie Debaty i zamkni\u0119cie wydarzenia<br \/>\nOrganizatorzy:<br \/>\nFundacja Kolorowo, Obywatelski Ruch Demokratyczny, Klub \u201eTygodnika Powszechnego\u201d w \u0141odzi.<br \/>\nPartnerzy akcji:<br \/>\nTygodnik Powszechny, Portiernia Sztuki, Fundacja PMP,<br \/>\nSponsorzy strategiczni:<br \/>\nUrz\u0105d Miasta \u0141odzi, Fundacja Lotto<br \/>\nKontakt:<br \/>\n<strong>Agnieszka Wojtas<\/strong> \u2013 organizacja wydarzenia<br \/>\nFundacja KOLOROWO<br \/>\ntel.: 505 925 927<br \/>\nmail: info@kolorowo.org<br \/>\n<strong>Piotr K\u0142ys<\/strong> \u2013 rzecznik prasowy wydarzenia<br \/>\nObywatelski Ruch Demokratyczny<br \/>\ntel. 607 090 436<br \/>\nmail: piotrklys@gmail.com\n<\/div>\n<p>[\/vc_column_text][\/vc_column][\/vc_row][vc_row][vc_column]<div class=\"clients triggerAnimation animated\" data-animate=\"fadeInUp\"><div class=\"clients-slider\"><div class=\"client item\">\n\t\t\t\t\t\t\t\t\t\t<a href=\"http:\/\/www.pasjazycia.com\/\" target=\"_blank\" title=\"Pasja \u017cycia\"><img decoding=\"async\" alt=\"\" src=\"http:\/\/www.kolorowo.org\/wp-content\/uploads\/2016\/02\/pasja_zycia.png\"><\/a>\n\t\t\t\t\t\t\t\t\t<\/div><div class=\"client item\">\n\t\t\t\t\t\t\t\t\t\t<a href=\"http:\/\/www.kolorowo.org\/\" target=\"_blank\" title=\"Fundacja KOLOROWO\"><img decoding=\"async\" alt=\"\" src=\"http:\/\/www.kolorowo.org\/wp-content\/uploads\/2018\/11\/fundacja_kolorowo.png\"><\/a>\n\t\t\t\t\t\t\t\t\t<\/div><div class=\"client item\">\n\t\t\t\t\t\t\t\t\t\t<a href=\"https:\/\/pl-pl.facebook.com\/ordemos\/\" target=\"_blank\" title=\"Obywatelski Ruch Demokratyczny\"><img decoding=\"async\" alt=\"\" src=\"http:\/\/www.kolorowo.org\/wp-content\/uploads\/2016\/02\/ord.png\"><\/a>\n\t\t\t\t\t\t\t\t\t<\/div><div class=\"client item\">\n\t\t\t\t\t\t\t\t\t\t<a href=\"\" target=\"_blank\" title=\"\u0141\u00f3dzki Klub Tygodnika Powszechnego\"><img decoding=\"async\" alt=\"\" src=\"http:\/\/www.kolorowo.org\/wp-content\/uploads\/2016\/02\/lodzki_klub_tygodnika_powszechnego.png\"><\/a>\n\t\t\t\t\t\t\t\t\t<\/div><div class=\"client item\">\n\t\t\t\t\t\t\t\t\t\t<a href=\"https:\/\/uml.lodz.pl\/\" target=\"_blank\" title=\"\u0141\u00f3d\u017c Kreuje\"><img decoding=\"async\" alt=\"\" src=\"http:\/\/www.kolorowo.org\/wp-content\/uploads\/2016\/02\/lodz_kreuje-1.png\"><\/a>\n\t\t\t\t\t\t\t\t\t<\/div><div class=\"client item\">\n\t\t\t\t\t\t\t\t\t\t<a href=\"https:\/\/uml.lodz.pl\/\" target=\"_blank\" title=\"\u0141\u00f3d\u017a - Miasto Filmu Unesco\"><img decoding=\"async\" alt=\"\" src=\"http:\/\/www.kolorowo.org\/wp-content\/uploads\/2016\/02\/lodz_unesco.png\"><\/a>\n\t\t\t\t\t\t\t\t\t<\/div><div class=\"client item\">\n\t\t\t\t\t\t\t\t\t\t<a href=\"https:\/\/www.fundacjalotto.pl\/\" target=\"_blank\" title=\"Fundacja LOTTO\"><img decoding=\"async\" alt=\"\" src=\"http:\/\/www.kolorowo.org\/wp-content\/uploads\/2016\/02\/fundacja_lotto.png\"><\/a>\n\t\t\t\t\t\t\t\t\t<\/div><div class=\"client item\">\n\t\t\t\t\t\t\t\t\t\t<a href=\"https:\/\/www.tygodnikpowszechny.pl\/\" target=\"_blank\" title=\"Tygodnik Powszechny\"><img decoding=\"async\" alt=\"\" src=\"http:\/\/www.kolorowo.org\/wp-content\/uploads\/2016\/02\/tygodnik_powszechny.png\"><\/a>\n\t\t\t\t\t\t\t\t\t<\/div><div class=\"client item\">\n\t\t\t\t\t\t\t\t\t\t<a href=\"#\" target=\"_blank\" title=\"Portiernia Sztuki\"><img decoding=\"async\" alt=\"\" src=\"http:\/\/www.kolorowo.org\/wp-content\/uploads\/2016\/02\/portiernia_sztuki.png\"><\/a>\n\t\t\t\t\t\t\t\t\t<\/div><div class=\"client item\">\n\t\t\t\t\t\t\t\t\t\t<a href=\"#\" target=\"_blank\" title=\"Fundacja PMP\"><img decoding=\"async\" alt=\"\" src=\"http:\/\/www.kolorowo.org\/wp-content\/uploads\/2016\/02\/fundacja_pmp.png\"><\/a>\n\t\t\t\t\t\t\t\t\t<\/div><\/div><\/div>[\/vc_column][\/vc_row]<\/p>\n","protected":false},"excerpt":{"rendered":"<p>[vc_row][vc_column][vc_single_image image=&#8221;4285&#8243; img_size=&#8221;full&#8221;][\/vc_column][\/vc_row][vc_row][vc_column][vc_column_text] Fundacja Kolorowo, Obywatelski Ruch Demokratyczny oraz \u0141\u00f3dzki Klub Tygodnika Powszechnego serdecznie zapraszaj\u0105 do udzia\u0142u w inauguracji projektu: \u201e10 wa\u017cnych s\u0142\u00f3w\u201d \u2013 Dekalog Polski Projekt jest kontynuacj\u0105 i rozwini\u0119ciem przedsi\u0119wzi\u0119cia adresowanego do \u0142\u00f3dzkiej m\u0142odzie\u017cy i pedagog\u00f3w, kt\u00f3rego celem i za\u0142o\u017ceniem jest proeuropejska edukacja obywatelska, skupiaj\u0105ca si\u0119 na newralgicznych \u2013 a nieobecnych w szkolnych [&#8230;]<\/p>\n","protected":false},"author":1,"featured_media":0,"parent":0,"menu_order":0,"comment_status":"closed","ping_status":"closed","template":"","meta":{"footnotes":""},"class_list":["post-4284","page","type-page","status-publish","hentry"],"_links":{"self":[{"href":"http:\/\/qzdshwe.cluster028.hosting.ovh.net\/index.php\/wp-json\/wp\/v2\/pages\/4284"}],"collection":[{"href":"http:\/\/qzdshwe.cluster028.hosting.ovh.net\/index.php\/wp-json\/wp\/v2\/pages"}],"about":[{"href":"http:\/\/qzdshwe.cluster028.hosting.ovh.net\/index.php\/wp-json\/wp\/v2\/types\/page"}],"author":[{"embeddable":true,"href":"http:\/\/qzdshwe.cluster028.hosting.ovh.net\/index.php\/wp-json\/wp\/v2\/users\/1"}],"replies":[{"embeddable":true,"href":"http:\/\/qzdshwe.cluster028.hosting.ovh.net\/index.php\/wp-json\/wp\/v2\/comments?post=4284"}],"version-history":[{"count":1,"href":"http:\/\/qzdshwe.cluster028.hosting.ovh.net\/index.php\/wp-json\/wp\/v2\/pages\/4284\/revisions"}],"predecessor-version":[{"id":6520,"href":"http:\/\/qzdshwe.cluster028.hosting.ovh.net\/index.php\/wp-json\/wp\/v2\/pages\/4284\/revisions\/6520"}],"wp:attachment":[{"href":"http:\/\/qzdshwe.cluster028.hosting.ovh.net\/index.php\/wp-json\/wp\/v2\/media?parent=4284"}],"curies":[{"name":"wp","href":"https:\/\/api.w.org\/{rel}","templated":true}]}}